{"id":2424,"date":"2022-11-14T10:48:29","date_gmt":"2022-11-14T09:48:29","guid":{"rendered":"https:\/\/www.emsland-group.de\/?page_id=2424"},"modified":"2022-11-23T13:22:31","modified_gmt":"2022-11-23T12:22:31","slug":"paper","status":"publish","type":"page","link":"https:\/\/www.emsland-group.de\/en\/your-products\/technical-specialties\/paper\/","title":{"rendered":"Paper"},"content":{"rendered":"<h6>Product highlights<\/h6>\n<div class=\"fs-teaser-container uk-grid-row-small uk-grid-match\" uk-grid>\n<div class=\"fs-teaser-item-container uk-width-1-1\"><\/div>\n<\/div>\n<h2>LASSEN SIE UNS SPRECHEN!<\/h2>\n<h4>Sie haben Fragen? Wir beantworten sie.<\/h4>\n<div>\n<p>Sie haben Fragen zur Emsland Group, einem unserer hochwertigen Kartoffelprodukte oder zu Ihren Karrierem\u00f6glichkeiten in unserem Unternehmen? Dann nutzen Sie gerne unser Kontaktformular f\u00fcr Ihre Anfrage. Wir melden uns zeitnah bei Ihnen zur\u00fcck.<\/p>\n<\/div>\n<div>\n\n<div class=\"wpcf7 no-js\" id=\"wpcf7-f3379-o1\" lang=\"en-US\" dir=\"ltr\" data-wpcf7-id=\"3379\">\n<div class=\"screen-reader-response\"><p role=\"status\" aria-live=\"polite\" aria-atomic=\"true\"><\/p> <ul><\/ul><\/div>\n<form action=\"\/en\/wp-json\/wp\/v2\/pages\/2424#wpcf7-f3379-o1\" method=\"post\" class=\"wpcf7-form init\" aria-label=\"Contact form\" novalidate=\"novalidate\" data-status=\"init\">\n<fieldset class=\"hidden-fields-container\"><input type=\"hidden\" name=\"_wpcf7\" value=\"3379\" \/><input type=\"hidden\" name=\"_wpcf7_version\" value=\"6.1.5\" \/><input type=\"hidden\" name=\"_wpcf7_locale\" value=\"en_US\" \/><input type=\"hidden\" name=\"_wpcf7_unit_tag\" value=\"wpcf7-f3379-o1\" \/><input type=\"hidden\" name=\"_wpcf7_container_post\" value=\"0\" \/><input type=\"hidden\" name=\"_wpcf7_posted_data_hash\" value=\"\" \/><input type=\"hidden\" name=\"_wpcf7dtx_version\" value=\"5.0.5\" \/><input type=\"hidden\" name=\"_wpcf7_recaptcha_response\" value=\"\" \/>\n<\/fieldset>\n<div class=\"uk-child-width-expand@s uk-text-center\" uk-grid>\n\t<p><span class=\"wpcf7-form-control-wrap\" data-name=\"first-name\"><input size=\"40\" maxlength=\"400\" class=\"wpcf7-form-control wpcf7-text uk-input\" aria-invalid=\"false\" placeholder=\"First Name\" value=\"\" type=\"text\" name=\"first-name\" \/><\/span><br \/>\n<span class=\"wpcf7-form-control-wrap\" data-name=\"last-name\"><input size=\"40\" maxlength=\"400\" class=\"wpcf7-form-control wpcf7-text wpcf7-validates-as-required uk-input\" aria-required=\"true\" aria-invalid=\"false\" placeholder=\"Last Name*\" value=\"\" type=\"text\" name=\"last-name\" \/><\/span>\n\t<\/p>\n<\/div>\n<div class=\"uk-child-width-expand@s uk-text-center\" uk-grid>\n\t<p><span class=\"wpcf7-form-control-wrap\" data-name=\"email\"><input size=\"40\" maxlength=\"400\" class=\"wpcf7-form-control wpcf7-email wpcf7-validates-as-required wpcf7-text wpcf7-validates-as-email uk-input\" aria-required=\"true\" aria-invalid=\"false\" placeholder=\"Email Address*\" value=\"\" type=\"email\" name=\"email\" \/><\/span>\n\t<\/p>\n<\/div>\n<div class=\"uk-child-width-expand@s uk-text-center\" uk-grid>\n\t<p><span class=\"wpcf7-form-control-wrap\" data-name=\"message\"><textarea cols=\"40\" rows=\"10\" maxlength=\"2000\" class=\"wpcf7-form-control wpcf7-textarea uk-input\" aria-invalid=\"false\" placeholder=\"Message\" name=\"message\"><\/textarea><\/span>\n\t<\/p>\n<\/div>\n<div class=\"checkbox\">\n\t<p><span class=\"wpcf7-form-control-wrap\" data-name=\"Privacy\"><span class=\"wpcf7-form-control wpcf7-acceptance\"><span class=\"wpcf7-list-item\"><input type=\"checkbox\" name=\"Privacy\" value=\"1\" class=\"uk-checkbox\" aria-invalid=\"false\" \/><\/span><\/span><\/span>\n\t<\/p>\n\t<div class=\"checkbox-text\">\n\t\t<p><span>I agree to the <a href=\"\/agb\/\" target=\"_blank\">General<\/a> Terms and Conditions and the <a href=\"\/datenschutzerklaerung\">Privacy Policy*<\/a><\/span>\n\t\t<\/p>\n\t<\/div>\n<\/div>\n<div class=\"submit-container\">\n\t<p><button type=\"submit\" class=\"uk-button-primary submit-button\"><span>Send<\/span><span class=\"arrow-right\"><\/span><\/button>\n\t<\/p>\n<\/div>\n<p  style=\"color:#68645D\">*Mandatory information\n<\/p><div class=\"wpcf7-response-output\" aria-hidden=\"true\"><\/div>\n<\/form>\n<\/div>\n<\/div>\n<p><!--more--><br \/>\n<!-- {\"type\":\"layout\",\"children\":[{\"type\":\"section\",\"props\":{\"class\":\"header subheader\",\"header_transparent_noplaceholder\":false,\"image_position\":\"center-center\",\"image_size\":\"cover\",\"padding\":\"none\",\"padding_remove_bottom\":false,\"padding_remove_top\":false,\"style\":\"default\",\"title_breakpoint\":\"xl\",\"title_position\":\"top-left\",\"title_rotation\":\"left\",\"vertical_align\":\"middle\",\"width\":\"\"},\"children\":[{\"type\":\"row\",\"children\":[{\"type\":\"column\",\"props\":{\"class\":\"\",\"image_position\":\"center-center\",\"media_overlay_gradient\":\"\",\"position_sticky_breakpoint\":\"m\",\"vertical_align\":\"bottom\",\"width_medium\":\"3-5\"},\"children\":[{\"type\":\"headline\",\"props\":{\"margin_remove_bottom\":false,\"margin_remove_top\":false,\"title_element\":\"h1\"},\"source\":{\"query\":{\"name\":\"productCats.customProductCat\",\"arguments\":{\"id\":132}},\"props\":{\"content\":{\"filters\":{\"search\":\"\"},\"name\":\"name\"}}}}]},{\"type\":\"column\",\"props\":{\"image_position\":\"center-center\",\"media_overlay_gradient\":\"\",\"position_sticky_breakpoint\":\"m\",\"vertical_align\":\"bottom\",\"width_medium\":\"2-5\"},\"children\":[]}],\"props\":{\"class\":\"headline\",\"layout\":\"3-5,2-5\",\"width\":\"default\"}}],\"name\":\"1. Kategorieseite | Header\",\"source\":{\"query\":{\"name\":\"pages.singlePage\"},\"props\":{\"image\":{\"filters\":{\"search\":\"\"},\"name\":\"featuredImage.url\"}}}},{\"type\":\"section\",\"props\":{\"class\":\"breadcrumb-section\",\"image_position\":\"center-center\",\"padding\":\"xsmall\",\"padding_remove_bottom\":true,\"style\":\"muted\",\"title_breakpoint\":\"xl\",\"title_position\":\"top-left\",\"title_rotation\":\"left\",\"vertical_align\":\"middle\",\"width\":\"default\"},\"children\":[{\"type\":\"row\",\"children\":[{\"type\":\"column\",\"props\":{\"image_position\":\"center-center\",\"media_overlay_gradient\":\"\",\"position_sticky_breakpoint\":\"m\"},\"children\":[{\"type\":\"breadcrumbs\",\"props\":{\"show_current\":true,\"show_home\":true}}]}]},{\"type\":\"row\",\"props\":{\"layout\":\"2-3,1-3\",\"margin\":\"medium\",\"margin_remove_bottom\":false},\"children\":[{\"type\":\"column\",\"props\":{\"image_position\":\"center-center\",\"media_overlay_gradient\":\"\",\"position_sticky_breakpoint\":\"m\",\"width_medium\":\"2-3\"},\"children\":[{\"type\":\"text\",\"props\":{\"column_breakpoint\":\"m\",\"margin\":\"default\"},\"source\":{\"query\":{\"name\":\"productCats.customProductCat\",\"arguments\":{\"id\":132}},\"props\":{\"content\":{\"filters\":{\"search\":\"\",\"before\":\"Die <b>Emland Group<\\\/b> bietet ... \"},\"name\":\"description\"}}}}]},{\"type\":\"column\",\"props\":{\"class\":\"column-none\",\"image_position\":\"center-center\",\"media_overlay_gradient\":\"\",\"position_sticky_breakpoint\":\"m\",\"width_medium\":\"1-3\"},\"children\":[]}]}],\"name\":\"2. Kategorieseite | Breadcrumbs\"},{\"type\":\"section\",\"props\":{\"class\":\"\",\"id\":\"suppliers\",\"image_position\":\"center-center\",\"padding_remove_top\":false,\"preserve_color\":false,\"style\":\"default\",\"title_breakpoint\":\"xl\",\"title_position\":\"top-left\",\"title_rotation\":\"left\",\"vertical_align\":\"middle\",\"width\":\"default\"},\"children\":[{\"type\":\"row\",\"children\":[{\"type\":\"column\",\"props\":{\"image_position\":\"center-center\",\"media_overlay_gradient\":\"\",\"position_sticky_breakpoint\":\"m\",\"width_medium\":\"1-2\"},\"children\":[{\"type\":\"headline\",\"props\":{\"margin\":\"medium\",\"title_element\":\"h3\"},\"source\":{\"query\":{\"name\":\"productCats.customProductCat\",\"arguments\":{\"id\":132}},\"props\":{\"content\":{\"filters\":{\"search\":\"\"},\"name\":\"name\"}}}},{\"type\":\"text\",\"props\":{\"column_breakpoint\":\"m\",\"margin\":\"default\"},\"source\":{\"query\":{\"name\":\"productCats.customProductCat\",\"arguments\":{\"id\":132}},\"props\":{\"content\":{\"filters\":{\"search\":\"\"},\"name\":\"field.unterkategorie_beschreibung\"}}}}]},{\"type\":\"column\",\"props\":{\"image_position\":\"center-center\",\"media_overlay_gradient\":\"\",\"position_sticky_breakpoint\":\"m\",\"width_medium\":\"1-2\"},\"children\":[{\"type\":\"image\",\"props\":{\"class\":\"\",\"image_height\":\"100%\",\"image_svg_color\":\"emphasis\",\"image_svg_inline\":false,\"image_width\":\"100%\",\"margin\":\"default\"},\"source\":{\"query\":{\"name\":\"productCats.customProductCat\",\"arguments\":{\"id\":132}},\"props\":{\"image\":{\"filters\":{\"search\":\"\"},\"name\":\"thumbnail.url\"}}}},{\"type\":\"headline\",\"props\":{\"content\":\"Product highlights\",\"title_element\":\"h6\"}},{\"type\":\"teaser\",\"props\":{\"attrs_color\":\"\",\"attrs_container_align\":\"\",\"attrs_content_margin\":\"10\",\"attrs_dividers\":false,\"attrs_grid_column_align\":false,\"attrs_grid_default\":\"1\",\"attrs_grid_margin\":\"\",\"attrs_grid_row_align\":true,\"attrs_grid_row_gap\":\"small\",\"attrs_icon_width\":22,\"attrs_image_align\":\"left\",\"attrs_image_grid_breakpoint\":\"\",\"attrs_image_grid_column_gap\":\"small\",\"attrs_image_grid_column_row\":\"small\",\"attrs_image_grid_row_gap\":\"small\",\"attrs_image_grid_width\":\"auto\",\"attrs_image_margin\":\"\",\"attrs_image_svg_color\":\"emphasis\",\"attrs_image_vertical_align\":true,\"attrs_image_width\":80,\"attrs_position\":\"\",\"attrs_title_colon\":false,\"class\":\"product-modal\",\"content_color\":\"\",\"content_column\":\"1-2\",\"content_column_breakpoint\":\"m\",\"content_limit\":false,\"content_limit_length\":\"80\",\"content_margin\":\"remove\",\"content_position\":\"\",\"content_remove_html\":false,\"content_show_modal\":true,\"currency_font_size\":\"12\",\"currency_position\":\"left\",\"filter_align\":\"left\",\"filter_all\":true,\"filter_grid_breakpoint\":\"m\",\"filter_grid_width\":\"auto\",\"filter_mobile_nav_title\":\"Filter Items\",\"filter_position\":\"top\",\"filter_style\":\"tab\",\"grid_column_align\":false,\"grid_default\":\"1\",\"grid_row_align\":false,\"grid_row_gap\":\"small\",\"icon_width\":30,\"image_align\":\"left\",\"image_grid_breakpoint\":\"\",\"image_grid_column_gap\":\"small\",\"image_grid_column_row\":\"small\",\"image_grid_row_gap\":\"small\",\"image_grid_width\":\"1-4\",\"image_horizontal_align\":false,\"image_svg_color\":\"emphasis\",\"image_transition\":\"\",\"image_vertical_align\":true,\"item_animation\":true,\"label_margin\":\"small\",\"label_origin\":\"left\",\"label_position\":\"after-title\",\"label_position_bottom\":\"\",\"label_position_left\":\"0\",\"label_position_right\":\"\",\"label_position_top\":\"20\",\"label_radius\":\"\",\"label_rotate\":\"\",\"label_size\":\"small\",\"leader_align\":\"middle\",\"leader_character\":\".\",\"leader_fill\":true,\"leader_size\":\"large\",\"lightbox_show_caption\":true,\"lightbox_show_caption_content\":true,\"lightbox_show_caption_content_limit\":false,\"lightbox_show_caption_content_remove_html\":false,\"lightbox_show_caption_content_style\":\"\",\"lightbox_show_caption_title\":true,\"lightbox_show_caption_title_style\":\"h4\",\"link_align\":\"\",\"link_button\":true,\"link_circle_background\":\"transparent\",\"link_circle_border_color\":\"#ccc\",\"link_circle_border_radius\":\"100\",\"link_circle_border_size\":\"1\",\"link_circle_border_type\":\"solid\",\"link_circle_position\":\"\",\"link_circle_position_bottom\":\"\",\"link_circle_position_left\":\"\",\"link_circle_position_right\":\"\",\"link_circle_position_top\":\"\",\"link_icon\":\"cart\",\"link_icon_color\":\"primary\",\"link_icon_custom_color\":\"#ccc\",\"link_style\":\"default\",\"link_text\":\"Read more\",\"margin\":\"default\",\"meta_element\":\"div\",\"meta_limit_length\":\"80\",\"meta_margin\":\"remove\",\"meta_position\":\"below-title\",\"meta_style\":\"meta\",\"nav\":\"dotnav\",\"nav_align\":\"center\",\"nav_breakpoint\":\"s\",\"parallax_easing\":\"1\",\"price_color\":\"\",\"price_currency_vertical_align\":\"unset\",\"price_font_weight\":\"400\",\"price_margin\":\"remove\",\"price_old_align\":\"before\",\"price_old_color\":\"muted\",\"price_old_currency_font_size\":\"12\",\"price_old_currency_position\":\"left\",\"price_old_currency_vertical_align\":\"unset\",\"price_old_decoration\":true,\"price_old_margin\":\"remove\",\"price_old_padding\":\"5\",\"price_old_position\":\"\",\"price_old_show_currency\":true,\"price_old_style\":\"\",\"price_position\":\"default\",\"price_style\":\"text-lead\",\"rating_aria_label\":\"Label for the product rating\",\"rating_margin\":\"remove\",\"rating_star_background_color\":\"#e5e5e5\",\"rating_star_color\":\"#fc0\",\"rating_star_size\":\"25\",\"rating_star_spacing\":\"3\",\"show_attrs\":true,\"show_attrs_image\":true,\"show_attrs_link\":true,\"show_attrs_title\":true,\"show_attrs_value\":true,\"show_content\":false,\"show_currency\":false,\"show_filter\":false,\"show_hover_image\":false,\"show_image\":true,\"show_label\":false,\"show_lightbox\":false,\"show_link\":true,\"show_meta\":false,\"show_old_price\":false,\"show_price\":false,\"show_rating\":false,\"show_slider\":false,\"show_title\":false,\"slidenav\":\"default\",\"slidenav_breakpoint\":\"s\",\"slidenav_hover\":true,\"slidenav_margin\":\"medium\",\"slidenav_outside_breakpoint\":\"xl\",\"slider_autoplay_pause\":true,\"slider_gap\":\"default\",\"slider_width_default\":\"1-1\",\"title_color\":\"\",\"title_element\":\"div\",\"title_hover_style\":\"reset\",\"title_limit_length\":\"80\",\"title_margin\":\"remove\",\"title_style\":\"text-lead\"},\"children\":[{\"type\":\"teaser_item\",\"props\":{\"content\":\"\",\"item_button_custom_bg_color\":\"#000000\",\"item_button_custom_border_color\":\"#000000\",\"item_button_custom_border_radius\":\"0\",\"item_button_custom_border_size\":\"1\",\"item_button_custom_border_type\":\"solid\",\"item_button_custom_icon_color\":\"#ffffff\",\"item_button_custom_text_color\":\"#ffffff\",\"item_class\":\"product-modal-button\",\"label\":\"\",\"label_color\":\"\",\"label_custom_color\":\"#000000\",\"link_advanced\":false,\"link_connect_custom_modal\":true,\"link_panel_custom\":\"#\",\"link_toggle\":true,\"meta\":\"\",\"panel_border_color\":\"#000000\",\"panel_border_radius\":\"0\",\"panel_border_size\":\"1\",\"panel_border_type\":\"solid\",\"panel_custom_style_color\":\"#E3E3E3\",\"price\":\"\",\"price_old\":\"\",\"rating_aria_label_item\":\"Rating of this product\"},\"source\":{\"query\":{\"name\":\"products.customProducts\",\"arguments\":{\"terms\":[132],\"product_cat_operator\":\"IN\",\"product_tag_operator\":\"IN\",\"product_visibility_operator\":\"IN\",\"users\":[],\"users_operator\":\"IN\",\"offset\":0,\"limit\":10,\"order\":\"date\",\"order_direction\":\"DESC\"}},\"props\":{\"title\":{\"filters\":{\"search\":\"\"},\"name\":\"title\"},\"link_text\":{\"filters\":{\"search\":\"\"},\"name\":\"title\"},\"link\":{\"filters\":{\"search\":\"\",\"after\":\"#product-modal\"},\"name\":\"link\"}}},\"children\":[]}]}]}],\"props\":{\"column_gap\":\"large\",\"divider\":false,\"layout\":\"1-2,1-2\"}}],\"name\":\"3. Kategorieseite | Unterkategorie #1\"},{\"type\":\"section\",\"props\":{\"image_position\":\"center-center\",\"style\":\"default\",\"title_breakpoint\":\"xl\",\"title_position\":\"top-left\",\"title_rotation\":\"left\",\"vertical_align\":\"middle\",\"width\":\"default\"},\"children\":[{\"type\":\"row\",\"children\":[{\"type\":\"column\",\"props\":{\"image_position\":\"center-center\",\"media_overlay_gradient\":\"\",\"position_sticky_breakpoint\":\"m\"},\"children\":[]}]}],\"name\":\"6. Kategorieseite | Platzhalter\"},{\"type\":\"section\",\"props\":{\"class\":\"contact-footer\",\"image_position\":\"center-center\",\"preserve_color\":false,\"style\":\"secondary\",\"title_breakpoint\":\"xl\",\"title_position\":\"top-left\",\"title_rotation\":\"left\",\"vertical_align\":\"middle\",\"width\":\"default\"},\"children\":[{\"type\":\"row\",\"props\":{\"layout\":\"1-2,1-2\",\"row_gap\":\"large\"},\"children\":[{\"type\":\"column\",\"props\":{\"image_position\":\"center-center\",\"media_overlay_gradient\":\"\",\"position_sticky_breakpoint\":\"m\",\"width_medium\":\"1-2\"},\"children\":[{\"type\":\"headline\",\"props\":{\"content\":\"LASSEN SIE UNS SPRECHEN!\",\"margin\":\"small\",\"margin_remove_bottom\":false,\"title_element\":\"h2\"}},{\"type\":\"headline\",\"props\":{\"content\":\"Sie haben Fragen? Wir beantworten sie.\",\"margin\":\"remove-vertical\",\"margin_remove_bottom\":false,\"margin_remove_top\":false,\"title_element\":\"h4\"}},{\"type\":\"text\",\"props\":{\"column_breakpoint\":\"m\",\"content\":\"\n\n<p>Sie haben Fragen zur Emsland Group, einem unserer hochwertigen Kartoffelprodukte oder zu Ihren Karrierem\\u00f6glichkeiten in unserem Unternehmen? Dann nutzen Sie gerne unser Kontaktformular f\\u00fcr Ihre Anfrage. Wir melden uns zeitnah bei Ihnen zur\\u00fcck.<\\\/p>\",\"margin\":\"default\"}}]},{\"type\":\"column\",\"props\":{\"image_position\":\"center-center\",\"media_overlay_gradient\":\"\",\"position_sticky_breakpoint\":\"m\",\"width_medium\":\"1-2\"},\"children\":[{\"type\":\"html\",\"props\":{\"content\":\"[contact-form-7 id=\\\"747\\\" title=\\\"Contact Form\\\"]\"}}]}]}],\"name\":\"7. Kategorieseite | Contact Footer\"}],\"version\":\"3.0.10\"} --><\/p>\n","protected":false},"excerpt":{"rendered":"<p>Product highlights LASSEN SIE UNS SPRECHEN! Sie haben Fragen? Wir beantworten sie. Sie haben Fragen zur Emsland Group, einem unserer hochwertigen Kartoffelprodukte oder zu Ihren Karrierem\u00f6glichkeiten in unserem Unternehmen? Dann nutzen Sie gerne unser Kontaktformular f\u00fcr Ihre Anfrage. Wir melden uns zeitnah bei Ihnen zur\u00fcck.<\/p>\n","protected":false},"author":1,"featured_media":0,"parent":1069,"menu_order":0,"comment_status":"closed","ping_status":"closed","template":"","meta":{"_acf_changed":false,"footnotes":""},"class_list":["post-2424","page","type-page","status-publish","hentry"],"acf":[],"yoast_head":"<!-- This site is optimized with the Yoast SEO plugin v27.2 - https:\/\/yoast.com\/product\/yoast-seo-wordpress\/ -->\n<title>Paper - Emsland Group<\/title>\n<meta name=\"robots\" content=\"index, follow, max-snippet:-1, max-image-preview:large, max-video-preview:-1\" \/>\n<link rel=\"canonical\" href=\"https:\/\/www.emsland-group.de\/en\/your-products\/technical-specialties\/paper\/\" \/>\n<meta property=\"og:locale\" content=\"en_US\" \/>\n<meta property=\"og:type\" content=\"article\" \/>\n<meta property=\"og:title\" content=\"Paper - Emsland Group\" \/>\n<meta property=\"og:description\" content=\"Product highlights LASSEN SIE UNS SPRECHEN! Sie haben Fragen? Wir beantworten sie. Sie haben Fragen zur Emsland Group, einem unserer hochwertigen Kartoffelprodukte oder zu Ihren Karrierem\u00f6glichkeiten in unserem Unternehmen? Dann nutzen Sie gerne unser Kontaktformular f\u00fcr Ihre Anfrage. Wir melden uns zeitnah bei Ihnen zur\u00fcck.\" \/>\n<meta property=\"og:url\" content=\"https:\/\/www.emsland-group.de\/en\/your-products\/technical-specialties\/paper\/\" \/>\n<meta property=\"og:site_name\" content=\"Emsland Group\" \/>\n<meta property=\"article:modified_time\" content=\"2022-11-23T12:22:31+00:00\" \/>\n<meta name=\"twitter:card\" content=\"summary_large_image\" \/>\n<meta name=\"twitter:label1\" content=\"Est. reading time\" \/>\n\t<meta name=\"twitter:data1\" content=\"1 minute\" \/>\n<!-- \/ Yoast SEO plugin. -->","yoast_head_json":{"title":"Paper - Emsland Group","robots":{"index":"index","follow":"follow","max-snippet":"max-snippet:-1","max-image-preview":"max-image-preview:large","max-video-preview":"max-video-preview:-1"},"canonical":"https:\/\/www.emsland-group.de\/en\/your-products\/technical-specialties\/paper\/","og_locale":"en_US","og_type":"article","og_title":"Paper - Emsland Group","og_description":"Product highlights LASSEN SIE UNS SPRECHEN! Sie haben Fragen? Wir beantworten sie. Sie haben Fragen zur Emsland Group, einem unserer hochwertigen Kartoffelprodukte oder zu Ihren Karrierem\u00f6glichkeiten in unserem Unternehmen? Dann nutzen Sie gerne unser Kontaktformular f\u00fcr Ihre Anfrage. Wir melden uns zeitnah bei Ihnen zur\u00fcck.","og_url":"https:\/\/www.emsland-group.de\/en\/your-products\/technical-specialties\/paper\/","og_site_name":"Emsland Group","article_modified_time":"2022-11-23T12:22:31+00:00","twitter_card":"summary_large_image","twitter_misc":{"Est. reading time":"1 minute"},"schema":{"@context":"https:\/\/schema.org","@graph":[{"@type":"WebPage","@id":"https:\/\/www.emsland-group.de\/en\/your-products\/technical-specialties\/paper\/","url":"https:\/\/www.emsland-group.de\/en\/your-products\/technical-specialties\/paper\/","name":"Paper - Emsland Group","isPartOf":{"@id":"https:\/\/www.emsland-group.de\/en\/#website"},"datePublished":"2022-11-14T09:48:29+00:00","dateModified":"2022-11-23T12:22:31+00:00","breadcrumb":{"@id":"https:\/\/www.emsland-group.de\/en\/your-products\/technical-specialties\/paper\/#breadcrumb"},"inLanguage":"en-US","potentialAction":[{"@type":"ReadAction","target":["https:\/\/www.emsland-group.de\/en\/your-products\/technical-specialties\/paper\/"]}]},{"@type":"BreadcrumbList","@id":"https:\/\/www.emsland-group.de\/en\/your-products\/technical-specialties\/paper\/#breadcrumb","itemListElement":[{"@type":"ListItem","position":1,"name":"Home","item":"https:\/\/www.emsland-group.de\/en\/"},{"@type":"ListItem","position":2,"name":"Your products","item":"https:\/\/www.emsland-group.de\/en\/your-products\/"},{"@type":"ListItem","position":3,"name":"Technical Specialties","item":"https:\/\/www.emsland-group.de\/en\/your-products\/technical-specialties\/"},{"@type":"ListItem","position":4,"name":"Paper"}]},{"@type":"WebSite","@id":"https:\/\/www.emsland-group.de\/en\/#website","url":"https:\/\/www.emsland-group.de\/en\/","name":"Emsland Group","description":"","publisher":{"@id":"https:\/\/www.emsland-group.de\/en\/#organization"},"potentialAction":[{"@type":"SearchAction","target":{"@type":"EntryPoint","urlTemplate":"https:\/\/www.emsland-group.de\/en\/?s={search_term_string}"},"query-input":{"@type":"PropertyValueSpecification","valueRequired":true,"valueName":"search_term_string"}}],"inLanguage":"en-US"},{"@type":"Organization","@id":"https:\/\/www.emsland-group.de\/en\/#organization","name":"Emsland Group","url":"https:\/\/www.emsland-group.de\/en\/","logo":{"@type":"ImageObject","inLanguage":"en-US","@id":"https:\/\/www.emsland-group.de\/en\/#\/schema\/logo\/image\/","url":"https:\/\/www.emsland-group.de\/wp-content\/uploads\/2022\/08\/emsland-group_logo.svg","contentUrl":"https:\/\/www.emsland-group.de\/wp-content\/uploads\/2022\/08\/emsland-group_logo.svg","width":1,"height":1,"caption":"Emsland Group"},"image":{"@id":"https:\/\/www.emsland-group.de\/en\/#\/schema\/logo\/image\/"}}]}},"_links":{"self":[{"href":"https:\/\/www.emsland-group.de\/en\/wp-json\/wp\/v2\/pages\/2424","targetHints":{"allow":["GET"]}}],"collection":[{"href":"https:\/\/www.emsland-group.de\/en\/wp-json\/wp\/v2\/pages"}],"about":[{"href":"https:\/\/www.emsland-group.de\/en\/wp-json\/wp\/v2\/types\/page"}],"author":[{"embeddable":true,"href":"https:\/\/www.emsland-group.de\/en\/wp-json\/wp\/v2\/users\/1"}],"replies":[{"embeddable":true,"href":"https:\/\/www.emsland-group.de\/en\/wp-json\/wp\/v2\/comments?post=2424"}],"version-history":[{"count":5,"href":"https:\/\/www.emsland-group.de\/en\/wp-json\/wp\/v2\/pages\/2424\/revisions"}],"predecessor-version":[{"id":3397,"href":"https:\/\/www.emsland-group.de\/en\/wp-json\/wp\/v2\/pages\/2424\/revisions\/3397"}],"up":[{"embeddable":true,"href":"https:\/\/www.emsland-group.de\/en\/wp-json\/wp\/v2\/pages\/1069"}],"wp:attachment":[{"href":"https:\/\/www.emsland-group.de\/en\/wp-json\/wp\/v2\/media?parent=2424"}],"curies":[{"name":"wp","href":"https:\/\/api.w.org\/{rel}","templated":true}]}}